{"id":596,"date":"2025-03-01T17:42:52","date_gmt":"2025-03-01T16:42:52","guid":{"rendered":"https:\/\/oakroadinvest.club\/Vydavatelstvo\/?post_type=product&#038;p=596"},"modified":"2025-03-06T10:48:45","modified_gmt":"2025-03-06T09:48:45","slug":"o","status":"publish","type":"product","link":"https:\/\/oakroadinvest.club\/Vydavatelstvo\/produkt\/o\/","title":{"rendered":"Start FREE Predstavujeme na\u0161u bezplatn\u00fa mo\u017enos\u0165 publikovania!"},"content":{"rendered":"<p>Predstavujeme na\u0161u bezplatn\u00fa mo\u017enos\u0165 publikovania!<\/p>\n<p>Ste cti\u017eiadostiv\u00fd autor, ktor\u00fd chce vyda\u0165 svoju prv\u00fa knihu? Sme radi, \u017ee v\u00e1m m\u00f4\u017eeme pon\u00faknu\u0165 bezplatn\u00e9 predplatn\u00e9, ktor\u00e9 v\u00e1m pom\u00f4\u017ee za\u010da\u0165 na va\u0161ej publika\u010dnej ceste!<\/p>\n<p>S na\u0161\u00edm bezplatn\u00fdm predplatn\u00fdm z\u00edskate pr\u00edstup k na\u0161ej najmodernej\u0161ej publika\u010dnej platforme, kde m\u00f4\u017eete nahra\u0165 svoju eKnihu a pred\u00e1va\u0165 ju na na\u0161ej webovej str\u00e1nke. Na\u0161a platforma je navrhnut\u00e1 tak, aby bol proces publikovania jednoduch\u00fd, efekt\u00edvny a n\u00e1kladovo efekt\u00edvny.<\/p>\n<p>Tu je to, \u010do m\u00f4\u017eete o\u010dak\u00e1va\u0165 od n\u00e1\u0161ho bezplatn\u00e9ho predplatn\u00e9ho:<\/p>\n<p>Nahrajte svoju eKnihu na na\u0161u platformu a spr\u00edstupnite ju na predaj na na\u0161ej webovej str\u00e1nke<br \/>\nNastavte si vlastn\u00fa cenu a licen\u010dn\u00fa sadzbu pre svoju knihu<br \/>\nOslovte glob\u00e1lne publikum \u010ditate\u013eov a milovn\u00edkov kn\u00edh<br \/>\nSledujte svoj predaj a anal\u00fdzy v re\u00e1lnom \u010dase<br \/>\nDost\u00e1vajte pravideln\u00e9 aktualiz\u00e1cie o v\u00fdkonnosti a predaji svojej knihy<br \/>\nNa\u0161e bezplatn\u00e9 predplatn\u00e9 je ide\u00e1lne pre:<\/p>\n<p>Nov\u00ed autori, ktor\u00ed chc\u00fa otestova\u0165 vody a z\u00edska\u0165 sk\u00fasenosti vo vydavate\u013eskom priemysle<br \/>\nEtablovan\u00ed autori, ktor\u00ed chc\u00fa roz\u0161\u00edri\u0165 svoj dosah a publikum<br \/>\nKa\u017ed\u00fd, kto chce vyda\u0165 svoju knihu s\u00e1m a udr\u017ea\u0165 si tvoriv\u00fa kontrolu<br \/>\nNepreme\u0161kajte t\u00fato pr\u00edle\u017eitos\u0165 posun\u00fa\u0165 svoju spisovate\u013esk\u00fa kari\u00e9ru na vy\u0161\u0161iu \u00farove\u0148! Prihl\u00e1ste sa na odber n\u00e1\u0161ho bezplatn\u00e9ho odberu e\u0161te dnes a za\u010dnite pred\u00e1va\u0165 svoju eKnihu na na\u0161ej webovej str\u00e1nke.<\/p>\n<p>na \u010do \u010dak\u00e1\u0161? Zaregistrujte sa teraz a za\u010dnite publikova\u0165 svoju prv\u00fa knihu!<\/p>\n","protected":false},"excerpt":{"rendered":"<p>Predstavujeme na\u0161u bezplatn\u00fa mo\u017enos\u0165 publikovania! Ste cti\u017eiadostiv\u00fd autor, ktor\u00fd chce vyda\u0165 svoju prv\u00fa knihu? Sme radi, \u017ee v\u00e1m m\u00f4\u017eeme pon\u00faknu\u0165 bezplatn\u00e9 predplatn\u00e9, ktor\u00e9 v\u00e1m pom\u00f4\u017ee za\u010da\u0165 na va\u0161ej publika\u010dnej ceste! S na\u0161\u00edm bezplatn\u00fdm predplatn\u00fdm z\u00edskate pr\u00edstup k na\u0161ej najmodernej\u0161ej publika\u010dnej platforme, kde m\u00f4\u017eete nahra\u0165 svoju eKnihu a pred\u00e1va\u0165 ju na na\u0161ej webovej str\u00e1nke. Na\u0161a platforma [&hellip;]<\/p>\n","protected":false},"featured_media":326,"comment_status":"open","ping_status":"closed","template":"","meta":[],"product_brand":[],"product_cat":[23,22],"product_tag":[],"class_list":{"0":"post-596","1":"product","2":"type-product","3":"status-publish","4":"has-post-thumbnail","6":"product_cat-e-book","7":"product_cat-subscription","9":"first","10":"instock","11":"virtual","12":"purchasable","13":"product-type-simple"},"aioseo_notices":[],"jetpack_sharing_enabled":true,"_links":{"self":[{"href":"https:\/\/oakroadinvest.club\/Vydavatelstvo\/wp-json\/wp\/v2\/product\/596","targetHints":{"allow":["GET"]}}],"collection":[{"href":"https:\/\/oakroadinvest.club\/Vydavatelstvo\/wp-json\/wp\/v2\/product"}],"about":[{"href":"https:\/\/oakroadinvest.club\/Vydavatelstvo\/wp-json\/wp\/v2\/types\/product"}],"replies":[{"embeddable":true,"href":"https:\/\/oakroadinvest.club\/Vydavatelstvo\/wp-json\/wp\/v2\/comments?post=596"}],"wp:featuredmedia":[{"embeddable":true,"href":"https:\/\/oakroadinvest.club\/Vydavatelstvo\/wp-json\/wp\/v2\/media\/326"}],"wp:attachment":[{"href":"https:\/\/oakroadinvest.club\/Vydavatelstvo\/wp-json\/wp\/v2\/media?parent=596"}],"wp:term":[{"taxonomy":"product_brand","embeddable":true,"href":"https:\/\/oakroadinvest.club\/Vydavatelstvo\/wp-json\/wp\/v2\/product_brand?post=596"},{"taxonomy":"product_cat","embeddable":true,"href":"https:\/\/oakroadinvest.club\/Vydavatelstvo\/wp-json\/wp\/v2\/product_cat?post=596"},{"taxonomy":"product_tag","embeddable":true,"href":"https:\/\/oakroadinvest.club\/Vydavatelstvo\/wp-json\/wp\/v2\/product_tag?post=596"}],"curies":[{"name":"wp","href":"https:\/\/api.w.org\/{rel}","templated":true}]}}