{"id":46,"date":"2025-02-15T11:12:56","date_gmt":"2025-02-15T11:12:56","guid":{"rendered":"https:\/\/oakroadinvest.club\/Vydavatelstvo\/product\/the-writers-workshop-crafting-your-story\/"},"modified":"2025-02-19T21:37:55","modified_gmt":"2025-02-19T20:37:55","slug":"the-writers-workshop-crafting-your-story","status":"publish","type":"product","link":"https:\/\/oakroadinvest.club\/Vydavatelstvo\/produkt\/the-writers-workshop-crafting-your-story\/","title":{"rendered":"Workshop spisovate\u013ea: Vytvorenie v\u00e1\u0161ho pr\u00edbehu \u2013 Detekt\u00edvov sprievodca- E-book"},"content":{"rendered":"<p>Zapojte sa do \u201eWorkshopu spisovate\u013eov\u201c a nau\u010dte sa vytv\u00e1ra\u0165 p\u00fatav\u00e9 pr\u00edbehy. T\u00e1to kniha pon\u00faka cvi\u010denia a techniky na zlep\u0161enie va\u0161ich rozpr\u00e1va\u010dsk\u00fdch schopnost\u00ed. E-book<\/p>\n","protected":false},"excerpt":{"rendered":"<p>Zapojte sa do \u201eWorkshopu spisovate\u013eov\u201c a nau\u010dte sa vytv\u00e1ra\u0165 p\u00fatav\u00e9 pr\u00edbehy. T\u00e1to kniha pon\u00faka cvi\u010denia a techniky na zlep\u0161enie va\u0161ich rozpr\u00e1va\u010dsk\u00fdch schopnost\u00ed. E-book<\/p>\n","protected":false},"featured_media":241,"comment_status":"open","ping_status":"closed","template":"","meta":[],"product_brand":[],"product_cat":[23],"product_tag":[],"class_list":{"0":"post-46","1":"product","2":"type-product","3":"status-publish","4":"has-post-thumbnail","6":"product_cat-e-book","8":"first","9":"instock","10":"sale","11":"downloadable","12":"virtual","13":"purchasable","14":"product-type-simple"},"aioseo_notices":[],"jetpack_sharing_enabled":true,"_links":{"self":[{"href":"https:\/\/oakroadinvest.club\/Vydavatelstvo\/wp-json\/wp\/v2\/product\/46","targetHints":{"allow":["GET"]}}],"collection":[{"href":"https:\/\/oakroadinvest.club\/Vydavatelstvo\/wp-json\/wp\/v2\/product"}],"about":[{"href":"https:\/\/oakroadinvest.club\/Vydavatelstvo\/wp-json\/wp\/v2\/types\/product"}],"replies":[{"embeddable":true,"href":"https:\/\/oakroadinvest.club\/Vydavatelstvo\/wp-json\/wp\/v2\/comments?post=46"}],"wp:featuredmedia":[{"embeddable":true,"href":"https:\/\/oakroadinvest.club\/Vydavatelstvo\/wp-json\/wp\/v2\/media\/241"}],"wp:attachment":[{"href":"https:\/\/oakroadinvest.club\/Vydavatelstvo\/wp-json\/wp\/v2\/media?parent=46"}],"wp:term":[{"taxonomy":"product_brand","embeddable":true,"href":"https:\/\/oakroadinvest.club\/Vydavatelstvo\/wp-json\/wp\/v2\/product_brand?post=46"},{"taxonomy":"product_cat","embeddable":true,"href":"https:\/\/oakroadinvest.club\/Vydavatelstvo\/wp-json\/wp\/v2\/product_cat?post=46"},{"taxonomy":"product_tag","embeddable":true,"href":"https:\/\/oakroadinvest.club\/Vydavatelstvo\/wp-json\/wp\/v2\/product_tag?post=46"}],"curies":[{"name":"wp","href":"https:\/\/api.w.org\/{rel}","templated":true}]}}