{"id":357,"date":"2025-02-21T14:52:24","date_gmt":"2025-02-21T13:52:24","guid":{"rendered":"https:\/\/oakroadinvest.club\/Vydavatelstvo\/?post_type=product&#038;p=357"},"modified":"2025-02-21T14:52:24","modified_gmt":"2025-02-21T13:52:24","slug":"josemaria-escriva-cesta-skala","status":"publish","type":"product","link":"https:\/\/oakroadinvest.club\/Vydavatelstvo\/produkt\/josemaria-escriva-cesta-skala\/","title":{"rendered":"Josemar\u00eda Escriv\u00e1 &#8211; Cesta \/ SKALA"},"content":{"rendered":"<p>Cesta bola prv\u00fdkr\u00e1t publikovan\u00e1 v roku 1934 a odvtedy ju prelo\u017eili do 142 jazykov. Ide o \u0161tvrt\u00fa najprekladanej\u0161iu knihu nap\u00edsan\u00fa v \u0161paniel\u010dine. Sv\u00e4t\u00fdJosemar\u00eda Escriv\u00e1 sa tak nerad\u00ed len k autorom duchovn\u00fdch bestsellerov, ale aj k velik\u00e1nom \u0161panielsky p\u00edsanej literat\u00fary v\u00f4bec. V Ceste sa sn\u00fabi h\u013abka duchovn\u00e9ho \u017eivota odzrkad\u013euj\u00faca \u017eivot sv\u00e4tca spolu s brilantn\u00fdm \u0161t\u00fdlom, ktor\u00fd \u010ditate\u013ea nenech\u00e1 \u013eahostajn\u00fdm. Sv\u00e4t\u00fd Josemar\u00eda v\u0161ak nep\u00edsal tieto riadky so z\u00e1merom sta\u0165 sa svetov\u00fdm liter\u00e1tom. Chcel len pon\u00faknu\u0165 \u013eu\u010fom h\u013eadaj\u00facim sv\u00e4tos\u0165 uprostred sveta my\u0161lienky, ktor\u00e9 by im pomohli zhov\u00e1ra\u0165 sa s Bohom vo chv\u00ed\u013each rozj\u00edmavej modlitby. Kniha je pre t\u00fdch, \u010do \u017eij\u00fa ponoren\u00ed do virvaru sveta uprostred svojich rod\u00edn, pr\u00e1c, oddychu, spolo\u010densk\u00e9ho \u017eivota, a z\u00e1rove\u0148 nosia v sebe t\u00fa\u017ebu po Bohu. Ako si n\u00e1js\u0165 cestu k Stvorite\u013eov<\/p>\n<p class=\"features-list\"><span class=\"name\">Ed\u00edcia:<\/span>\u00a0<strong class=\"value\">Escriv\u00e1<\/strong><\/p>\n<p class=\"features-list\"><span class=\"name\">Vydavate\u013estvo:<\/span>\u00a0<strong class=\"value\">SKALA<\/strong><\/p>\n<p class=\"features-list\"><span class=\"name\">V\u00e4zba:<\/span>\u00a0<strong class=\"value\">lepen\u00e1 \/ m\u00e4kk\u00e1 ob\u00e1lka<\/strong><\/p>\n<p class=\"features-list\"><span class=\"name\">EAN:<\/span>\u00a0<strong class=\"value\">9788097474003<\/strong><\/p>\n<p class=\"features-list\"><span class=\"name\">Rok vydania:<\/span>\u00a0<strong class=\"value\">2023<\/strong><\/p>\n<p class=\"features-list\"><span class=\"name\">Po\u010det str\u00e1n:<\/span>\u00a0<strong class=\"value\">280<\/strong><\/p>\n<p class=\"features-list\"><span class=\"name\">Jazyk:<\/span>\u00a0<strong class=\"value\">slovensk\u00fd<\/strong><\/p>\n<p class=\"features-list\"><span class=\"name\">Form\u00e1t (rozmer):<\/span>\u00a0<strong class=\"value\">170 x 120 mm<\/strong><\/p>\n<p class=\"features-list\"><span class=\"name\">Hmotnos\u0165:<\/span>\u00a0<strong class=\"value\">245 g<\/strong><\/p>\n","protected":false},"excerpt":{"rendered":"<p>Cesta bola prv\u00fdkr\u00e1t publikovan\u00e1 v roku 1934 a odvtedy ju prelo\u017eili do 142 jazykov. Ide o \u0161tvrt\u00fa najprekladanej\u0161iu knihu nap\u00edsan\u00fa v \u0161paniel\u010dine. Sv\u00e4t\u00fdJosemar\u00eda Escriv\u00e1 sa tak nerad\u00ed len k autorom duchovn\u00fdch bestsellerov, ale aj k velik\u00e1nom \u0161panielsky p\u00edsanej literat\u00fary v\u00f4bec. V Ceste sa sn\u00fabi h\u013abka duchovn\u00e9ho \u017eivota odzrkad\u013euj\u00faca \u017eivot sv\u00e4tca spolu s brilantn\u00fdm \u0161t\u00fdlom, ktor\u00fd [&hellip;]<\/p>\n","protected":false},"featured_media":358,"comment_status":"open","ping_status":"closed","template":"","meta":[],"product_brand":[],"product_cat":[19],"product_tag":[],"class_list":{"0":"post-357","1":"product","2":"type-product","3":"status-publish","4":"has-post-thumbnail","6":"product_cat-books","8":"first","9":"instock","10":"shipping-taxable","11":"product-type-external"},"aioseo_notices":[],"jetpack_sharing_enabled":true,"_links":{"self":[{"href":"https:\/\/oakroadinvest.club\/Vydavatelstvo\/wp-json\/wp\/v2\/product\/357","targetHints":{"allow":["GET"]}}],"collection":[{"href":"https:\/\/oakroadinvest.club\/Vydavatelstvo\/wp-json\/wp\/v2\/product"}],"about":[{"href":"https:\/\/oakroadinvest.club\/Vydavatelstvo\/wp-json\/wp\/v2\/types\/product"}],"replies":[{"embeddable":true,"href":"https:\/\/oakroadinvest.club\/Vydavatelstvo\/wp-json\/wp\/v2\/comments?post=357"}],"wp:featuredmedia":[{"embeddable":true,"href":"https:\/\/oakroadinvest.club\/Vydavatelstvo\/wp-json\/wp\/v2\/media\/358"}],"wp:attachment":[{"href":"https:\/\/oakroadinvest.club\/Vydavatelstvo\/wp-json\/wp\/v2\/media?parent=357"}],"wp:term":[{"taxonomy":"product_brand","embeddable":true,"href":"https:\/\/oakroadinvest.club\/Vydavatelstvo\/wp-json\/wp\/v2\/product_brand?post=357"},{"taxonomy":"product_cat","embeddable":true,"href":"https:\/\/oakroadinvest.club\/Vydavatelstvo\/wp-json\/wp\/v2\/product_cat?post=357"},{"taxonomy":"product_tag","embeddable":true,"href":"https:\/\/oakroadinvest.club\/Vydavatelstvo\/wp-json\/wp\/v2\/product_tag?post=357"}],"curies":[{"name":"wp","href":"https:\/\/api.w.org\/{rel}","templated":true}]}}