{"id":299,"date":"2025-02-21T00:27:45","date_gmt":"2025-02-20T23:27:45","guid":{"rendered":"https:\/\/oakroadinvest.club\/Vydavatelstvo\/?post_type=product&#038;p=299"},"modified":"2025-05-17T15:05:33","modified_gmt":"2025-05-17T13:05:33","slug":"zverejnite-svoju-e-book-knihu-a-audioknihu","status":"publish","type":"product","link":"https:\/\/oakroadinvest.club\/Vydavatelstvo\/produkt\/zverejnite-svoju-e-book-knihu-a-audioknihu\/","title":{"rendered":"Zverejnite svoju E-Book knihu a Audioknihu"},"content":{"rendered":"<div class=\"wp-block-group is-nowrap is-layout-flex wp-container-core-group-is-layout-18 wp-block-group-is-layout-flex\">\n<p>Publikujte svoju elektronick\u00fa knihu a audioknihu s \u013eahkos\u0165ou!<\/p>\n<p>Ste autor, ktor\u00fd chce zdie\u013ea\u0165 svoj pr\u00edbeh so svetom? Neh\u013eadajte \u010falej! Na\u0161e slu\u017eby vyd\u00e1vania elektronick\u00fdch kn\u00edh a audiokn\u00edh v\u00e1m u\u013eah\u010dia dosta\u0165 va\u0161u knihu k \u010ditate\u013eom.<\/p>\n<p>\u010co pon\u00fakame:<\/p>\n<p>Registr\u00e1cia ISBN: Va\u0161u knihu zaregistrujeme pod medzin\u00e1rodn\u00fdm \u0161tandardn\u00fdm \u010d\u00edslom knihy (ISBN), aby ju \u010ditatelia a predajcovia \u013eahko na\u0161li.<br \/>\nDizajn a form\u00e1tovanie: N\u00e1\u0161 t\u00edm odborn\u00edkov vytvor\u00ed profesion\u00e1lne vyzeraj\u00faci n\u00e1vrh obalu, naform\u00e1tuje va\u0161u knihu na digit\u00e1lnu distrib\u00faciu a priprav\u00ed v\u0161etku potrebn\u00fa dokument\u00e1ciu na distrib\u00faciu.<br \/>\nDistrib\u00facia: Va\u0161u knihu budeme distribuova\u0165 ve\u013ek\u00fdm online predajcom vr\u00e1tane Amazonu, Apple Books, Google Play a \u010fal\u0161\u00edch, aby ste mohli oslovi\u0165 glob\u00e1lne publikum.<br \/>\nV\u00fdhody:<\/p>\n<p>Glob\u00e1lny dosah: Na\u0161a distribu\u010dn\u00e1 sie\u0165 zabezpe\u010duje, \u017ee va\u0161a kniha bude dostupn\u00e1 \u010ditate\u013eom na celom svete.<br \/>\nProfesion\u00e1lna kvalita: Na\u0161e slu\u017eby v oblasti dizajnu a form\u00e1tovania zais\u0165uj\u00fa, \u017ee va\u0161a kniha bude vyzera\u0165 profesion\u00e1lne a vyle\u0161tene.<br \/>\nJednoduch\u00e1 distrib\u00facia: Rie\u0161ime v\u0161etky technick\u00e9 detaily, tak\u017ee sa m\u00f4\u017eete s\u00fastredi\u0165 na to, na \u010dom najviac z\u00e1le\u017e\u00ed \u2013 na p\u00edsanie a zdie\u013eanie v\u00e1\u0161ho pr\u00edbehu.<br \/>\nPre\u010do si vybra\u0165 n\u00e1s:<\/p>\n<p>Odbornos\u0165: N\u00e1\u0161 t\u00edm m\u00e1 dlhoro\u010dn\u00e9 sk\u00fasenosti s vydavate\u013estvom a kni\u017en\u00fdm dizajnom.<br \/>\nPersonalizovan\u00e9 slu\u017eby: Budeme s vami \u00fazko spolupracova\u0165, aby sme zaistili, \u017ee va\u0161a kniha sp\u013a\u0148a va\u0161u v\u00edziu a ciele.<br \/>\nN\u00e1kladovo efekt\u00edvne: Na\u0161e slu\u017eby s\u00fa navrhnut\u00e9 tak, aby boli cenovo dostupn\u00e9 a dostupn\u00e9 pre autorov v\u0161etk\u00fdch \u00farovn\u00ed.<br \/>\nZa\u010dnite e\u0161te dnes!<\/p>\n<p>Nedovo\u013ete, aby v\u00e1m prek\u00e1\u017eky v publikovan\u00ed br\u00e1nili v zdie\u013ean\u00ed v\u00e1\u0161ho pr\u00edbehu. Kontaktujte n\u00e1s, aby ste sa dozvedeli viac o na\u0161ich slu\u017eb\u00e1ch vyd\u00e1vania elektronick\u00fdch kn\u00edh a audiokn\u00edh a urobili prv\u00fd krok k tomu, aby va\u0161a kniha o\u017eila.<\/p>\n<\/div>\n","protected":false},"excerpt":{"rendered":"<p>Publikujte svoju elektronick\u00fa knihu a audioknihu s \u013eahkos\u0165ou! Ste autor, ktor\u00fd chce zdie\u013ea\u0165 svoj pr\u00edbeh so svetom? Neh\u013eadajte \u010falej! Na\u0161e slu\u017eby vyd\u00e1vania elektronick\u00fdch kn\u00edh a audiokn\u00edh v\u00e1m u\u013eah\u010dia dosta\u0165 va\u0161u knihu k \u010ditate\u013eom. \u010co pon\u00fakame: Registr\u00e1cia ISBN: Va\u0161u knihu zaregistrujeme pod medzin\u00e1rodn\u00fdm \u0161tandardn\u00fdm \u010d\u00edslom knihy (ISBN), aby ju \u010ditatelia a predajcovia \u013eahko na\u0161li. Dizajn a [&hellip;]<\/p>\n","protected":false},"featured_media":258,"comment_status":"open","ping_status":"closed","template":"","meta":[],"product_brand":[],"product_cat":[22],"product_tag":[],"class_list":{"0":"post-299","1":"product","2":"type-product","3":"status-publish","4":"has-post-thumbnail","6":"product_cat-subscription","8":"first","9":"instock","10":"virtual","11":"purchasable","12":"product-type-simple"},"aioseo_notices":[],"jetpack_sharing_enabled":true,"_links":{"self":[{"href":"https:\/\/oakroadinvest.club\/Vydavatelstvo\/wp-json\/wp\/v2\/product\/299","targetHints":{"allow":["GET"]}}],"collection":[{"href":"https:\/\/oakroadinvest.club\/Vydavatelstvo\/wp-json\/wp\/v2\/product"}],"about":[{"href":"https:\/\/oakroadinvest.club\/Vydavatelstvo\/wp-json\/wp\/v2\/types\/product"}],"replies":[{"embeddable":true,"href":"https:\/\/oakroadinvest.club\/Vydavatelstvo\/wp-json\/wp\/v2\/comments?post=299"}],"wp:featuredmedia":[{"embeddable":true,"href":"https:\/\/oakroadinvest.club\/Vydavatelstvo\/wp-json\/wp\/v2\/media\/258"}],"wp:attachment":[{"href":"https:\/\/oakroadinvest.club\/Vydavatelstvo\/wp-json\/wp\/v2\/media?parent=299"}],"wp:term":[{"taxonomy":"product_brand","embeddable":true,"href":"https:\/\/oakroadinvest.club\/Vydavatelstvo\/wp-json\/wp\/v2\/product_brand?post=299"},{"taxonomy":"product_cat","embeddable":true,"href":"https:\/\/oakroadinvest.club\/Vydavatelstvo\/wp-json\/wp\/v2\/product_cat?post=299"},{"taxonomy":"product_tag","embeddable":true,"href":"https:\/\/oakroadinvest.club\/Vydavatelstvo\/wp-json\/wp\/v2\/product_tag?post=299"}],"curies":[{"name":"wp","href":"https:\/\/api.w.org\/{rel}","templated":true}]}}