{"id":245,"date":"2025-02-19T21:52:29","date_gmt":"2025-02-19T20:52:29","guid":{"rendered":"https:\/\/oakroadinvest.club\/Vydavatelstvo\/?post_type=product&#038;p=245"},"modified":"2025-02-19T21:58:26","modified_gmt":"2025-02-19T20:58:26","slug":"hranice-v-chodeni","status":"publish","type":"product","link":"https:\/\/oakroadinvest.club\/Vydavatelstvo\/produkt\/hranice-v-chodeni\/","title":{"rendered":"Hranice v choden\u00ed"},"content":{"rendered":"<p>Chodenie je n\u00e1dhern\u00e9 obdobie v \u017eivote dvoch \u013eud\u00ed. T\u00e1to kniha sa prakticky venuje mnoh\u00fdm ot\u00e1zkam, ktor\u00e9 sa m\u00f4\u017eu objavi\u0165 aj pri va\u0161om spolo\u010dnom spozn\u00e1van\u00ed sa.<\/p>\n<p>N\u00e1js\u0165 spo\u013eahliv\u00e9ho a oddan\u00e9ho celo\u017eivotn\u00e9ho partnera je skuto\u010dne \u0165a\u017ek\u00e9 \u2013 najm\u00e4 preto, lebo \u013eudia spolu chodia sp\u00f4sobom, ktor\u00fd im nepom\u00e1ha v rozhodovan\u00ed sa k z\u00e1v\u00e4zku \u010di k odchodu zo vz\u0165ahu. Ve\u013emi \u010dasto potom za\u017eij\u00fa boles\u0165 a ut\u0155\u017eia mnoh\u00e9 zranenia. \u010cas chodenia v\u0161ak tie\u017e m\u00f4\u017ee prinies\u0165 do \u017eivota dospievaj\u00faceho \u010dloveka ve\u013ea dobr\u00fdch vec\u00ed \u2013 okrem in\u00e9ho mu m\u00f4\u017ee pom\u00f4c\u0165 pri jeho osobnom v\u00fdvoji a dozrievan\u00ed.<\/p>\n<p>Cie\u013eom tejto knihy je pom\u00f4c\u0165 v\u00e1m odhali\u0165 tajomstvo \u00faspe\u0161n\u00e9ho chodenia a vyhn\u00fa\u0165 sa tak mo\u017en\u00fdm n\u00e1strah\u00e1m vo vz\u0165ahoch.<\/p>\n<table class=\"axps_shop_attributes\">\n<tbody>\n<tr>\n<th>Autor<\/th>\n<td><strong>Dr. Henry Cloud, Dr. John Townsend<\/strong><\/td>\n<\/tr>\n<tr>\n<th>Vydavate\u013estvo<\/th>\n<td><strong>Porta Libri<\/strong><\/td>\n<\/tr>\n<tr>\n<th>V\u00e4zba<\/th>\n<td><strong>lepen\u00e1 \/ m\u00e4kk\u00e1 ob\u00e1lka<\/strong><\/td>\n<\/tr>\n<tr>\n<th>EAN<\/th>\n<td><strong>9788081562907<\/strong><\/td>\n<\/tr>\n<tr>\n<th>Rok vydania<\/th>\n<td><strong>2023<\/strong><\/td>\n<\/tr>\n<tr>\n<th>Po\u010det str\u00e1n<\/th>\n<td><strong>264<\/strong><\/td>\n<\/tr>\n<tr>\n<th>Jazyk<\/th>\n<td><strong>slovensk\u00fd<\/strong><\/td>\n<\/tr>\n<tr>\n<th>Form\u00e1t (rozmer)<\/th>\n<td><strong>A5<\/strong><\/td>\n<\/tr>\n<\/tbody>\n<\/table>\n","protected":false},"excerpt":{"rendered":"<p>Chodenie je n\u00e1dhern\u00e9 obdobie v \u017eivote dvoch \u013eud\u00ed. T\u00e1to kniha sa prakticky venuje mnoh\u00fdm ot\u00e1zkam, ktor\u00e9 sa m\u00f4\u017eu objavi\u0165 aj pri va\u0161om spolo\u010dnom spozn\u00e1van\u00ed sa. N\u00e1js\u0165 spo\u013eahliv\u00e9ho a oddan\u00e9ho celo\u017eivotn\u00e9ho partnera je skuto\u010dne \u0165a\u017ek\u00e9 \u2013 najm\u00e4 preto, lebo \u013eudia spolu chodia sp\u00f4sobom, ktor\u00fd im nepom\u00e1ha v rozhodovan\u00ed sa k z\u00e1v\u00e4zku \u010di k odchodu zo vz\u0165ahu. [&hellip;]<\/p>\n","protected":false},"featured_media":246,"comment_status":"open","ping_status":"closed","template":"","meta":[],"product_brand":[],"product_cat":[19],"product_tag":[],"class_list":{"0":"post-245","1":"product","2":"type-product","3":"status-publish","4":"has-post-thumbnail","6":"product_cat-books","8":"first","9":"instock","10":"shipping-taxable","11":"product-type-external"},"aioseo_notices":[],"jetpack_sharing_enabled":true,"_links":{"self":[{"href":"https:\/\/oakroadinvest.club\/Vydavatelstvo\/wp-json\/wp\/v2\/product\/245","targetHints":{"allow":["GET"]}}],"collection":[{"href":"https:\/\/oakroadinvest.club\/Vydavatelstvo\/wp-json\/wp\/v2\/product"}],"about":[{"href":"https:\/\/oakroadinvest.club\/Vydavatelstvo\/wp-json\/wp\/v2\/types\/product"}],"replies":[{"embeddable":true,"href":"https:\/\/oakroadinvest.club\/Vydavatelstvo\/wp-json\/wp\/v2\/comments?post=245"}],"wp:featuredmedia":[{"embeddable":true,"href":"https:\/\/oakroadinvest.club\/Vydavatelstvo\/wp-json\/wp\/v2\/media\/246"}],"wp:attachment":[{"href":"https:\/\/oakroadinvest.club\/Vydavatelstvo\/wp-json\/wp\/v2\/media?parent=245"}],"wp:term":[{"taxonomy":"product_brand","embeddable":true,"href":"https:\/\/oakroadinvest.club\/Vydavatelstvo\/wp-json\/wp\/v2\/product_brand?post=245"},{"taxonomy":"product_cat","embeddable":true,"href":"https:\/\/oakroadinvest.club\/Vydavatelstvo\/wp-json\/wp\/v2\/product_cat?post=245"},{"taxonomy":"product_tag","embeddable":true,"href":"https:\/\/oakroadinvest.club\/Vydavatelstvo\/wp-json\/wp\/v2\/product_tag?post=245"}],"curies":[{"name":"wp","href":"https:\/\/api.w.org\/{rel}","templated":true}]}}