{"id":242,"date":"2025-02-19T21:42:49","date_gmt":"2025-02-19T20:42:49","guid":{"rendered":"https:\/\/oakroadinvest.club\/Vydavatelstvo\/?post_type=product&#038;p=242"},"modified":"2025-02-21T13:20:38","modified_gmt":"2025-02-21T12:20:38","slug":"zelene-prasiatko-s-gombikom-v-nose-gieorgij-judin","status":"publish","type":"product","link":"https:\/\/oakroadinvest.club\/Vydavatelstvo\/produkt\/zelene-prasiatko-s-gombikom-v-nose-gieorgij-judin\/","title":{"rendered":"Zelen\u00e9 prasiatko s gomb\u00edkom v nose &#8211; Gieorgij Judin"},"content":{"rendered":"<p>Je to pr\u00edbeh mal\u00e9ho plastel\u00ednov\u00e9ho prasiatka, ktor\u00e9 sa vyd\u00e1va na cestu s potulnou ma\u010dkou a t\u00fala sa rozpr\u00e1vkov\u00fdm, no \u010dasto nebezpe\u010dn\u00fdm svetom, pri\u010dom spozn\u00e1va jeho lep\u0161ie i hor\u0161ie str\u00e1nky. Zrel\u00fdch \u010ditate\u013eov ur\u010dite zaujme groteskn\u00e1, delirantn\u00e1 atmosf\u00e9ra, deti pote\u0161ia dobrodru\u017estv\u00e1 odv\u00e1\u017eneho prasiatka, vtipn\u00e9 b\u00e1sni\u010dky a kr\u00e1sne ilustr\u00e1cie<\/p>\n","protected":false},"excerpt":{"rendered":"<p>Je to pr\u00edbeh mal\u00e9ho plastel\u00ednov\u00e9ho prasiatka, ktor\u00e9 sa vyd\u00e1va na cestu s potulnou ma\u010dkou a t\u00fala sa rozpr\u00e1vkov\u00fdm, no \u010dasto nebezpe\u010dn\u00fdm svetom, pri\u010dom spozn\u00e1va jeho lep\u0161ie i hor\u0161ie str\u00e1nky. Zrel\u00fdch \u010ditate\u013eov ur\u010dite zaujme groteskn\u00e1, delirantn\u00e1 atmosf\u00e9ra, deti pote\u0161ia dobrodru\u017estv\u00e1 odv\u00e1\u017eneho prasiatka, vtipn\u00e9 b\u00e1sni\u010dky a kr\u00e1sne ilustr\u00e1cie<\/p>\n","protected":false},"featured_media":244,"comment_status":"open","ping_status":"closed","template":"","meta":[],"product_brand":[],"product_cat":[19],"product_tag":[],"class_list":{"0":"post-242","1":"product","2":"type-product","3":"status-publish","4":"has-post-thumbnail","6":"product_cat-books","8":"first","9":"outofstock","10":"shipping-taxable","11":"purchasable","12":"product-type-simple"},"aioseo_notices":[],"jetpack_sharing_enabled":true,"_links":{"self":[{"href":"https:\/\/oakroadinvest.club\/Vydavatelstvo\/wp-json\/wp\/v2\/product\/242","targetHints":{"allow":["GET"]}}],"collection":[{"href":"https:\/\/oakroadinvest.club\/Vydavatelstvo\/wp-json\/wp\/v2\/product"}],"about":[{"href":"https:\/\/oakroadinvest.club\/Vydavatelstvo\/wp-json\/wp\/v2\/types\/product"}],"replies":[{"embeddable":true,"href":"https:\/\/oakroadinvest.club\/Vydavatelstvo\/wp-json\/wp\/v2\/comments?post=242"}],"wp:featuredmedia":[{"embeddable":true,"href":"https:\/\/oakroadinvest.club\/Vydavatelstvo\/wp-json\/wp\/v2\/media\/244"}],"wp:attachment":[{"href":"https:\/\/oakroadinvest.club\/Vydavatelstvo\/wp-json\/wp\/v2\/media?parent=242"}],"wp:term":[{"taxonomy":"product_brand","embeddable":true,"href":"https:\/\/oakroadinvest.club\/Vydavatelstvo\/wp-json\/wp\/v2\/product_brand?post=242"},{"taxonomy":"product_cat","embeddable":true,"href":"https:\/\/oakroadinvest.club\/Vydavatelstvo\/wp-json\/wp\/v2\/product_cat?post=242"},{"taxonomy":"product_tag","embeddable":true,"href":"https:\/\/oakroadinvest.club\/Vydavatelstvo\/wp-json\/wp\/v2\/product_tag?post=242"}],"curies":[{"name":"wp","href":"https:\/\/api.w.org\/{rel}","templated":true}]}}