{"id":239,"date":"2025-02-19T19:03:05","date_gmt":"2025-02-19T18:03:05","guid":{"rendered":"https:\/\/oakroadinvest.club\/Vydavatelstvo\/?post_type=product&#038;p=239"},"modified":"2025-02-19T19:05:30","modified_gmt":"2025-02-19T18:05:30","slug":"vianocna-abeceda-s-elzbietkou-a-jankom","status":"publish","type":"product","link":"https:\/\/oakroadinvest.club\/Vydavatelstvo\/produkt\/vianocna-abeceda-s-elzbietkou-a-jankom\/","title":{"rendered":"Viano\u010dn\u00e1 ABECEDA s El\u017ebietkou a Jankom"},"content":{"rendered":"<div id=\"product-description-short-3627\" class=\"rte-content product-description\">\n<p><em><strong>Viano\u010dn\u00e1 ABECEDA s El\u017ebietkou a Jankom<\/strong><\/em>\u00a0prin\u00e1\u0161a p\u00f4vabn\u00fd\u00a0<strong>pr\u00edbeh<\/strong>\u00a0o sile\u00a0<strong>s\u00farodencov<\/strong>,\u00a0<strong>trpezlivosti<\/strong>\u00a0a\u00a0<strong>radosti<\/strong>\u00a0z\u00a0<strong>objavovania<\/strong>\u00a0nov\u00fdch vec\u00ed. Autorkou je Lucia Golinska, ktor\u00e1 sa vo svojej tvorbe zameriava na v\u0161tepovanie\u00a0<strong>kres\u0165ansk\u00fdch z\u00e1sad<\/strong>\u00a0rodinn\u00e9ho \u017eivota mal\u00fdm de\u0165om.<\/p>\n<\/div>\n<section class=\"product-features\">\n<dl class=\"data-sheet\">\n<dt class=\"name\">Autor:<\/dt>\n<dd class=\"value\">Lucia Golinska<\/dd>\n<dt class=\"name\">Vydavate\u013estvo:<\/dt>\n<dd class=\"value\">Oak Road s.r.o.<\/dd>\n<dt class=\"name\">Rok vydania:<\/dt>\n<dd class=\"value\">2024<\/dd>\n<dt class=\"name\">Jazyk:<\/dt>\n<dd class=\"value\">slovensk\u00fd<\/dd>\n<dt class=\"name\">Po\u010det str\u00e1n:<\/dt>\n<dd class=\"value\">68<\/dd>\n<dt class=\"name\">V\u00e4zba:<\/dt>\n<dd class=\"value\">lepen\u00e1 \/ m\u00e4kk\u00e1 ob\u00e1lka<\/dd>\n<dt class=\"name\">Form\u00e1t:<\/dt>\n<dd class=\"value\">210 x 145 mm<\/dd>\n<\/dl>\n<\/section>\n","protected":false},"excerpt":{"rendered":"<p>Viano\u010dn\u00e1 ABECEDA s El\u017ebietkou a Jankom\u00a0prin\u00e1\u0161a p\u00f4vabn\u00fd\u00a0pr\u00edbeh\u00a0o sile\u00a0s\u00farodencov,\u00a0trpezlivosti\u00a0a\u00a0radosti\u00a0z\u00a0objavovania\u00a0nov\u00fdch vec\u00ed. Autorkou je Lucia Golinska, ktor\u00e1 sa vo svojej tvorbe zameriava na v\u0161tepovanie\u00a0kres\u0165ansk\u00fdch z\u00e1sad\u00a0rodinn\u00e9ho \u017eivota mal\u00fdm de\u0165om. Autor: Lucia Golinska Vydavate\u013estvo: Oak Road s.r.o. Rok vydania: 2024 Jazyk: slovensk\u00fd Po\u010det str\u00e1n: 68 V\u00e4zba: lepen\u00e1 \/ m\u00e4kk\u00e1 ob\u00e1lka Form\u00e1t: 210 x 145 mm<\/p>\n","protected":false},"featured_media":218,"comment_status":"open","ping_status":"closed","template":"","meta":[],"product_brand":[],"product_cat":[19],"product_tag":[],"class_list":{"0":"post-239","1":"product","2":"type-product","3":"status-publish","4":"has-post-thumbnail","6":"product_cat-books","8":"first","9":"instock","10":"sale","11":"shipping-taxable","12":"product-type-external"},"aioseo_notices":[],"jetpack_sharing_enabled":true,"_links":{"self":[{"href":"https:\/\/oakroadinvest.club\/Vydavatelstvo\/wp-json\/wp\/v2\/product\/239","targetHints":{"allow":["GET"]}}],"collection":[{"href":"https:\/\/oakroadinvest.club\/Vydavatelstvo\/wp-json\/wp\/v2\/product"}],"about":[{"href":"https:\/\/oakroadinvest.club\/Vydavatelstvo\/wp-json\/wp\/v2\/types\/product"}],"replies":[{"embeddable":true,"href":"https:\/\/oakroadinvest.club\/Vydavatelstvo\/wp-json\/wp\/v2\/comments?post=239"}],"wp:featuredmedia":[{"embeddable":true,"href":"https:\/\/oakroadinvest.club\/Vydavatelstvo\/wp-json\/wp\/v2\/media\/218"}],"wp:attachment":[{"href":"https:\/\/oakroadinvest.club\/Vydavatelstvo\/wp-json\/wp\/v2\/media?parent=239"}],"wp:term":[{"taxonomy":"product_brand","embeddable":true,"href":"https:\/\/oakroadinvest.club\/Vydavatelstvo\/wp-json\/wp\/v2\/product_brand?post=239"},{"taxonomy":"product_cat","embeddable":true,"href":"https:\/\/oakroadinvest.club\/Vydavatelstvo\/wp-json\/wp\/v2\/product_cat?post=239"},{"taxonomy":"product_tag","embeddable":true,"href":"https:\/\/oakroadinvest.club\/Vydavatelstvo\/wp-json\/wp\/v2\/product_tag?post=239"}],"curies":[{"name":"wp","href":"https:\/\/api.w.org\/{rel}","templated":true}]}}