{"id":238,"date":"2025-02-19T18:49:48","date_gmt":"2025-02-19T17:49:48","guid":{"rendered":"https:\/\/oakroadinvest.club\/Vydavatelstvo\/?post_type=product&#038;p=238"},"modified":"2026-02-02T12:23:49","modified_gmt":"2026-02-02T11:23:49","slug":"deti-su-zazrak","status":"publish","type":"product","link":"https:\/\/oakroadinvest.club\/Vydavatelstvo\/produkt\/deti-su-zazrak\/","title":{"rendered":"Deti s\u00fa z\u00e1zrak"},"content":{"rendered":"<p>Deti s\u00fa bystr\u00e9 stvorenia, pred ktor\u00fdmi sa ned\u00e1 ni\u010d skry\u0165. Neust\u00e1le zbieraj\u00fa a sprac\u00favaj\u00fa inform\u00e1cie o svete okolo seba \u2013 vr\u00e1tane n\u00e1s, rodi\u010dov. Mal\u00e1 El\u017ebietka, hrdinka tejto knihy, je trochu smutn\u00e1, preto\u017ee m\u00e1 dojem, \u017ee si ju rodi\u010dia nev\u0161\u00edmaj\u00fa. Ale zrazu sa v\u0161etko zmenilo. Chcete vidie\u0165, \u010do sa stalo? Otvorte knihu a zistite sami.<\/p>\n<p>Autorka je matkou dvoch kr\u00e1snych det\u00ed a jej v\u00e1\u0161\u0148ou je p\u00edsanie. Po cel\u00fd jej \u017eivot je zasv\u00e4ten\u00e1 vytv\u00e1raniu textov, ktor\u00e9 kr\u00e1sne reprezentuj\u00fa \u017eivot okolo n\u00e1s. Teraz ju in\u0161pirovali deti a pokro\u010dila v kari\u00e9re spisovate\u013eky kn\u00edh pre deti, ktor\u00e9 obsahuj\u00fa kr\u00e1sne kres\u0165ansk\u00e9 z\u00e1sady rodinn\u00e9ho \u017eivota a ve\u013ea l\u00e1sky, ktor\u00fa svoj\u00edm bl\u00edzkym rozd\u00e1va. Teraz m\u00f4\u017eeme aj my z\u00edska\u0165 trochu tejto l\u00e1sky.<\/p>\n","protected":false},"excerpt":{"rendered":"<p>Deti s\u00fa bystr\u00e9 stvorenia, pred ktor\u00fdmi sa ned\u00e1 ni\u010d skry\u0165. Neust\u00e1le zbieraj\u00fa a sprac\u00favaj\u00fa inform\u00e1cie o svete okolo seba \u2013 vr\u00e1tane n\u00e1s, rodi\u010dov. Mal\u00e1 El\u017ebietka, hrdinka tejto knihy, je trochu smutn\u00e1, preto\u017ee m\u00e1 dojem, \u017ee si ju rodi\u010dia nev\u0161\u00edmaj\u00fa. Ale zrazu sa v\u0161etko zmenilo. Chcete vidie\u0165, \u010do sa stalo? Otvorte knihu a zistite sami. Autorka [&hellip;]<\/p>\n","protected":false},"featured_media":179,"comment_status":"open","ping_status":"closed","template":"","meta":[],"product_brand":[],"product_cat":[19],"product_tag":[],"class_list":{"0":"post-238","1":"product","2":"type-product","3":"status-publish","4":"has-post-thumbnail","6":"product_cat-books","8":"first","9":"instock","10":"shipping-taxable","11":"product-type-external"},"aioseo_notices":[],"jetpack_sharing_enabled":true,"_links":{"self":[{"href":"https:\/\/oakroadinvest.club\/Vydavatelstvo\/wp-json\/wp\/v2\/product\/238","targetHints":{"allow":["GET"]}}],"collection":[{"href":"https:\/\/oakroadinvest.club\/Vydavatelstvo\/wp-json\/wp\/v2\/product"}],"about":[{"href":"https:\/\/oakroadinvest.club\/Vydavatelstvo\/wp-json\/wp\/v2\/types\/product"}],"replies":[{"embeddable":true,"href":"https:\/\/oakroadinvest.club\/Vydavatelstvo\/wp-json\/wp\/v2\/comments?post=238"}],"wp:featuredmedia":[{"embeddable":true,"href":"https:\/\/oakroadinvest.club\/Vydavatelstvo\/wp-json\/wp\/v2\/media\/179"}],"wp:attachment":[{"href":"https:\/\/oakroadinvest.club\/Vydavatelstvo\/wp-json\/wp\/v2\/media?parent=238"}],"wp:term":[{"taxonomy":"product_brand","embeddable":true,"href":"https:\/\/oakroadinvest.club\/Vydavatelstvo\/wp-json\/wp\/v2\/product_brand?post=238"},{"taxonomy":"product_cat","embeddable":true,"href":"https:\/\/oakroadinvest.club\/Vydavatelstvo\/wp-json\/wp\/v2\/product_cat?post=238"},{"taxonomy":"product_tag","embeddable":true,"href":"https:\/\/oakroadinvest.club\/Vydavatelstvo\/wp-json\/wp\/v2\/product_tag?post=238"}],"curies":[{"name":"wp","href":"https:\/\/api.w.org\/{rel}","templated":true}]}}