{"id":234,"date":"2025-02-19T15:21:22","date_gmt":"2025-02-19T14:21:22","guid":{"rendered":"https:\/\/oakroadinvest.club\/Vydavatelstvo\/?post_type=product&#038;p=234"},"modified":"2025-02-20T16:57:42","modified_gmt":"2025-02-20T15:57:42","slug":"vydat-knihu-2","status":"publish","type":"product","link":"https:\/\/oakroadinvest.club\/Vydavatelstvo\/produkt\/vydat-knihu-2\/","title":{"rendered":"VYDA\u0164 KNIHU"},"content":{"rendered":"<p>&nbsp;<\/p>\n<p>**Predplatn\u00e9 na recenziu tradi\u010dn\u00e9ho vydania**<\/p>\n<p>Ste autor, ktor\u00fd chcete publikova\u0165 svoj kni\u017eku tradi\u010dn\u00fdm sp\u00f4sobom? Na\u0161e Predplatn\u00e9 na recenziu tradi\u010dn\u00e9ho vydania je \u00fa\u017easn\u00e1 \u0161anca pre v\u00e1s!<\/p>\n<p>ako predplatite\u013e, dostane\u0161:<\/p>\n<p>* \u00dapln\u00fa recenziu va\u0161ej rukopisu od na\u0161ej t\u00edmy sk\u00fasen\u00fdch editorov a odborn\u00edkov<br \/>\n* Spr\u00e1vy o obsahu, struktu\u0159e a celkovom kvalite va\u0161ej knihy<br \/>\n* Pokyny pre zlep\u0161enie a oblasti rastu<br \/>\n* Detailov\u00fd report s na\u0161imi n\u00e1jdeniami a doporu\u010den\u00edmi<\/p>\n<p>Na\u0161e recenzne proces je navrhnut\u00fd, aby v\u00e1m pomohol upravi\u0165 rukopis a pripravi\u0165 ho na publik\u00e1ciu. Na\u0161a t\u00edma v\u00e1m poskytne pou\u017eitn\u00e9 spr\u00e1vy a rady, aby ste posilnili svoju knihu a zv\u00fd\u0161ili \u0161ancu na publik\u00e1ciu.<\/p>\n<p>**\u010co sa o\u010dak\u00e1va:**<\/p>\n<p>* \u00dapln\u00e1 recenzia va\u0161ej rukopisu (do 80 000 slov)<br \/>\n* Detailov\u00fd report s spr\u00e1vmi a pokynmi pre zlep\u0161enie<br \/>\n* Recenzia marketovej schopnosti a potenci\u00e1lu va\u0161ej knihy<br \/>\n* Rozhodnutie, \u010di chceme publikova\u0165 v\u00e1\u0161 rukopis<\/p>\n<p>**Ako funguje:**<\/p>\n<p>1. Odoslete n\u00e1m v\u00e1\u0161 rukopis prostredn\u00edctvom na\u0161ej online formul\u00e1re.<br \/>\n2. Na\u0161a t\u00edma recenziu va\u0161ej rukopisu a poskytuje spr\u00e1vy za 6-8 t\u00fd\u017ed\u0148ov.<br \/>\n3. Dostane\u0161 detailov\u00fd report s na\u0161imi n\u00e1jdeniami a doporu\u010den\u00edmi.<br \/>\n4. Ak sa rozhodneme publikova\u0165 v\u00e1\u0161 rukopis, budeme spolupracova\u0165 s v\u00e1mi na finaliz\u00e1ci\u00ed rukopisu a publik\u00e1ci\u00ed cez na\u0161u spolo\u010dnos\u0165.<\/p>\n<p>**Prednosti:**<\/p>\n<p>* Z\u00edska\u0161 hodnotn\u00e9 spr\u00e1vy a rady od sk\u00fasen\u00fdch odborn\u00edkov<br \/>\n* Posiln\u00edte kvalitu a marketov\u00fa schopnos\u0165 va\u0161ej knihy<br \/>\n* Zv\u00fd\u0161ite \u0161ancu na publik\u00e1ciu u v\u00e1\u017enej vydavate\u013eskej spolo\u010dnosti<br \/>\n* Mo\u017enos\u0165 spolupracova\u0165 s na\u0161ou t\u00edmom na publik\u00e1ci\u00ed va\u0161ej knihy<\/p>\n<p>**\u017diadne \u00faplatky:**<\/p>\n<p>Na\u0161e Predplatn\u00e9 na recenziu tradi\u010dn\u00e9ho vydania je \u00faplne zadarmo, bez \u017eiadneho z\u00e1vazku spolupracova\u0165 s nami alebo kupova\u0165 \u010fal\u0161ie slu\u017eby. Sme zameren\u00ed na pomoc v\u00e1m dosiahnu\u0165 va\u0161e publikova\u010dn\u00e9 ciele, a sme radosi poskytn\u00fa\u0165 v\u00e1m hodnotn\u00e9 spr\u00e1vy a rady, aby ste dosiahli tam.<\/p>\n<p>Prijmite si to teraz a za\u010dnite publikova\u0165 svoju knihu tradi\u010dn\u00fdm sp\u00f4sobom!<\/p>\n","protected":false},"excerpt":{"rendered":"<p>Ste autor, ktor\u00fd chcete publikova\u0165 svoj kni\u017eku tradi\u010dn\u00fdm sp\u00f4sobom? Na\u0161e Predplatn\u00e9 na recenziu tradi\u010dn\u00e9ho vydania je \u00fa\u017easn\u00e1 \u0161anca pre v\u00e1s!<\/p>\n","protected":false},"featured_media":235,"comment_status":"open","ping_status":"closed","template":"","meta":[],"product_brand":[],"product_cat":[22],"product_tag":[],"class_list":{"0":"post-234","1":"product","2":"type-product","3":"status-publish","4":"has-post-thumbnail","6":"product_cat-subscription","8":"first","9":"instock","10":"shipping-taxable","11":"product-type-external"},"aioseo_notices":[],"jetpack_sharing_enabled":true,"_links":{"self":[{"href":"https:\/\/oakroadinvest.club\/Vydavatelstvo\/wp-json\/wp\/v2\/product\/234","targetHints":{"allow":["GET"]}}],"collection":[{"href":"https:\/\/oakroadinvest.club\/Vydavatelstvo\/wp-json\/wp\/v2\/product"}],"about":[{"href":"https:\/\/oakroadinvest.club\/Vydavatelstvo\/wp-json\/wp\/v2\/types\/product"}],"replies":[{"embeddable":true,"href":"https:\/\/oakroadinvest.club\/Vydavatelstvo\/wp-json\/wp\/v2\/comments?post=234"}],"wp:featuredmedia":[{"embeddable":true,"href":"https:\/\/oakroadinvest.club\/Vydavatelstvo\/wp-json\/wp\/v2\/media\/235"}],"wp:attachment":[{"href":"https:\/\/oakroadinvest.club\/Vydavatelstvo\/wp-json\/wp\/v2\/media?parent=234"}],"wp:term":[{"taxonomy":"product_brand","embeddable":true,"href":"https:\/\/oakroadinvest.club\/Vydavatelstvo\/wp-json\/wp\/v2\/product_brand?post=234"},{"taxonomy":"product_cat","embeddable":true,"href":"https:\/\/oakroadinvest.club\/Vydavatelstvo\/wp-json\/wp\/v2\/product_cat?post=234"},{"taxonomy":"product_tag","embeddable":true,"href":"https:\/\/oakroadinvest.club\/Vydavatelstvo\/wp-json\/wp\/v2\/product_tag?post=234"}],"curies":[{"name":"wp","href":"https:\/\/api.w.org\/{rel}","templated":true}]}}