{"id":95,"date":"2025-02-15T14:00:29","date_gmt":"2025-02-15T13:00:29","guid":{"rendered":"https:\/\/oakroadinvest.club\/Vydavatelstvo\/referencie\/"},"modified":"2025-02-15T14:00:47","modified_gmt":"2025-02-15T13:00:47","slug":"referencie","status":"publish","type":"page","link":"https:\/\/oakroadinvest.club\/Vydavatelstvo\/referencie\/","title":{"rendered":"Referencie"},"content":{"rendered":"\n<div class=\"wp-block-group alignfull has-foreground-background-color has-background has-global-padding is-layout-constrained wp-block-group-is-layout-constrained\" style=\"margin-top:0;margin-bottom:0;padding-top:0;padding-bottom:0\">\n<div class=\"wp-block-group alignwide has-global-padding is-layout-constrained wp-block-group-is-layout-constrained\" style=\"padding-top:var(--wp--preset--spacing--30);padding-bottom:var(--wp--preset--spacing--30)\">\n<h1 class=\"wp-block-heading alignwide has-background-color has-text-color\" style=\"font-size:clamp(0.875rem, 0.875rem + ((1vw - 0.2rem) * 0.625), 1.25rem);\">Referencie<\/h1>\n<\/div>\n<\/div>\n\n<div class=\"wp-block-group alignfull has-tertiary-background-color has-background has-global-padding is-layout-constrained wp-container-core-group-is-layout-254d6575 wp-block-group-is-layout-constrained\" id=\"testimonials\" style=\"margin-top:0;margin-bottom:0;padding-top:var(--wp--preset--spacing--60);padding-right:var(--wp--preset--spacing--30);padding-bottom:var(--wp--preset--spacing--60);padding-left:var(--wp--preset--spacing--30)\">\n<div class=\"wp-block-group alignwide has-global-padding is-content-justification-center is-layout-constrained wp-block-group-is-layout-constrained\" style=\"margin-bottom:var(--wp--preset--spacing--50)\">\n<h2 class=\"wp-block-heading has-text-align-center\">Zar\u00e1bajte knihami efekt\u00edvne<\/h2>\n\n\n\n<p class=\"has-text-align-center has-medium-font-size\" style=\"margin-top:16px\">Na\u0161i klienti oce\u0148uj\u00fa na\u0161u podporu a v\u00fdsledky, ktor\u00e9 im prin\u00e1\u0161ame.<\/p>\n<\/div>\n\n\n\n<div class=\"wp-block-columns alignwide is-layout-flex wp-container-core-columns-is-layout-28f84493 wp-block-columns-is-layout-flex\">\n<div class=\"wp-block-column is-vertically-aligned-stretch is-layout-flow wp-block-column-is-layout-flow\" style=\"flex-basis:66.66%\">\n<div class=\"wp-block-cover has-custom-content-position is-position-bottom-center extendify-image-import\" style=\"border-radius:1.5rem;padding-top:var(--wp--preset--spacing--30);padding-right:var(--wp--preset--spacing--30);padding-bottom:var(--wp--preset--spacing--30);padding-left:var(--wp--preset--spacing--30);min-height:35vh;aspect-ratio:unset;\"><span aria-hidden=\"true\" class=\"wp-block-cover__background has-background-dim-60 has-background-dim\"><\/span><img decoding=\"async\" class=\"wp-block-cover__image-background\" alt=\"\" src=\"https:\/\/images.unsplash.com\/photo-1575709527142-a93ed587bb83?ixid=M3w0MzUxNjF8MHwxfHNlYXJjaHwxMHx8cHVibGlzaGluZ3xlbnwwfHx8fDE3MzkxMjc4MzF8MA&amp;ixlib=rb-4.0.3&amp;orientation=portrait?fit=crop&amp;crop=entropy%2Cfaces&amp;auto=format%2Ccompress&amp;w=1280\" data-object-fit=\"cover\"\/><div class=\"wp-block-cover__inner-container has-global-padding is-layout-constrained wp-container-core-cover-is-layout-80fb368b wp-block-cover-is-layout-constrained\">\n<div class=\"wp-block-group has-global-padding is-layout-constrained wp-block-group-is-layout-constrained\">\n<p style=\"font-size:clamp(20px, 1.25rem + ((1vw - 3.2px) * 1.25), 32px);font-style:normal;font-weight:600;line-height:1.4\">Slu\u017eba prekonala moje o\u010dak\u00e1vania a priniesla skvel\u00e9 v\u00fdsledky.<\/p>\n\n\n\n<h4 class=\"wp-block-heading has-small-font-size\">Petra Novakov\u00e1<\/h4>\n\n\n\n<p class=\"has-small-font-size\" style=\"margin-top:2px\">Autorka bestselleru<\/p>\n<\/div>\n<\/div><\/div>\n<\/div>\n\n\n\n<div class=\"wp-block-column is-vertically-aligned-stretch is-layout-flow wp-block-column-is-layout-flow\" style=\"flex-basis:33.33%\">\n<div class=\"wp-block-group has-background-color has-primary-background-color has-text-color has-background has-link-color wp-elements-be09ac67f3b8275c45e50f2fe954e8bc has-global-padding is-layout-constrained wp-container-core-group-is-layout-f90d3be4 wp-block-group-is-layout-constrained\" style=\"border-radius:1.5rem;min-height:100%;padding-top:var(--wp--preset--spacing--40);padding-right:var(--wp--preset--spacing--30);padding-bottom:var(--wp--preset--spacing--40);padding-left:var(--wp--preset--spacing--30)\">\n<p style=\"font-size:clamp(15.747px, 0.984rem + ((1vw - 3.2px) * 0.86), 24px);font-style:normal;font-weight:600;line-height:1.4\">Spolupr\u00e1ca s t\u00edmom bola v\u00fdnimo\u010dn\u00e1 a obohacuj\u00faca.<\/p>\n\n\n\n<h4 class=\"wp-block-heading has-background-color has-text-color has-link-color has-small-font-size wp-elements-9d1ba2d11d88d014af6fdb4741574ed2\">Juraj Kov\u00e1\u010d<\/h4>\n\n\n\n<p class=\"has-small-font-size\" style=\"margin-top:2px\">Zakladate\u013e startupu<\/p>\n<\/div>\n<\/div>\n<\/div>\n\n\n\n<div class=\"wp-block-columns alignwide is-layout-flex wp-container-core-columns-is-layout-28f84493 wp-block-columns-is-layout-flex\">\n<div class=\"wp-block-column is-vertically-aligned-stretch is-layout-flow wp-block-column-is-layout-flow\" style=\"flex-basis:33.33%\">\n<div class=\"wp-block-group has-background-color has-foreground-background-color has-text-color has-background has-link-color wp-elements-a65a5d4c7047e0d0fc21915edc624f4b has-global-padding is-layout-constrained wp-container-core-group-is-layout-f90d3be4 wp-block-group-is-layout-constrained\" style=\"border-radius:1.5rem;min-height:100%;padding-top:var(--wp--preset--spacing--40);padding-right:var(--wp--preset--spacing--30);padding-bottom:var(--wp--preset--spacing--40);padding-left:var(--wp--preset--spacing--30)\">\n<p style=\"font-size:clamp(15.747px, 0.984rem + ((1vw - 3.2px) * 0.86), 24px);font-style:normal;font-weight:600;line-height:1.4\">Profesion\u00e1lny pr\u00edstup a \u0161pi\u010dkov\u00e1 kvalita pr\u00e1ce n\u00e1s nadchli.<\/p>\n\n\n\n<h4 class=\"wp-block-heading has-background-color has-text-color has-link-color has-small-font-size wp-elements-d313e2e80c43bbbbc35a9bc06a01c2f5\">Lucia Hradilov\u00e1<\/h4>\n\n\n\n<p class=\"has-small-font-size\" style=\"margin-top:2px\">CEO vydavate\u013estva<\/p>\n<\/div>\n<\/div>\n\n\n\n<div class=\"wp-block-column is-layout-flow wp-block-column-is-layout-flow\" style=\"flex-basis:66.66%\">\n<div class=\"wp-block-cover has-custom-content-position is-position-bottom-center extendify-image-import\" style=\"border-radius:1.5rem;padding-top:var(--wp--preset--spacing--30);padding-right:var(--wp--preset--spacing--30);padding-bottom:var(--wp--preset--spacing--30);padding-left:var(--wp--preset--spacing--30);min-height:35vh;aspect-ratio:unset;\"><span aria-hidden=\"true\" class=\"wp-block-cover__background has-background-dim-60 has-background-dim\"><\/span><img decoding=\"async\" class=\"wp-block-cover__image-background\" alt=\"\" src=\"https:\/\/images.unsplash.com\/photo-1533669955142-6a73332af4db?ixid=M3w0MzUxNjF8MHwxfHNlYXJjaHwyfHxwdWJsaXNoaW5nfGVufDB8fHx8MTczOTEyNzgzMXww&amp;ixlib=rb-4.0.3&amp;orientation=landscape?fit=crop&amp;crop=entropy%2Cfaces&amp;auto=format%2Ccompress&amp;w=1280\" data-object-fit=\"cover\"\/><div class=\"wp-block-cover__inner-container has-global-padding is-layout-constrained wp-container-core-cover-is-layout-80fb368b wp-block-cover-is-layout-constrained\">\n<div class=\"wp-block-group has-global-padding is-layout-constrained wp-block-group-is-layout-constrained\">\n<p style=\"font-size:clamp(20px, 1.25rem + ((1vw - 3.2px) * 1.25), 32px);font-style:normal;font-weight:600;line-height:1.4\">\u00daplne spokojn\u00fd so slu\u017ebou a sk\u00fasenos\u0165ou, odpor\u00fa\u010dam ka\u017ed\u00e9mu.<\/p>\n\n\n\n<h4 class=\"wp-block-heading has-small-font-size\">Martin Sokol<\/h4>\n\n\n\n<p class=\"has-small-font-size\" style=\"margin-top:2px\">Marketingov\u00fd expert<\/p>\n<\/div>\n<\/div><\/div>\n<\/div>\n<\/div>\n<\/div>\n\n<div class=\"wp-block-group alignfull has-background-background-color has-background has-global-padding is-layout-constrained wp-container-core-group-is-layout-7276a2bb wp-block-group-is-layout-constrained\" id=\"about\" style=\"margin-top:0;margin-bottom:0;padding-top:var(--wp--preset--spacing--60);padding-right:var(--wp--preset--spacing--30);padding-bottom:var(--wp--preset--spacing--60);padding-left:var(--wp--preset--spacing--30)\">\n<div class=\"wp-block-columns alignwide is-layout-flex wp-container-core-columns-is-layout-47c06fe3 wp-block-columns-is-layout-flex\">\n<div class=\"wp-block-column is-layout-flow wp-container-core-column-is-layout-119bc444 wp-block-column-is-layout-flow\" style=\"flex-basis:60%\">\n<h2 class=\"wp-block-heading\">Podpora pre bud\u00facich l\u00edderov trhu<\/h2>\n\n\n\n<p class=\"has-medium-font-size\" style=\"margin-top:16px\">Na\u0161ou misiou je pom\u00e1ha\u0165 autorom dosiahnu\u0165 \u00faspech prostredn\u00edctvom personalizovanej a osved\u010denej podpory v procese vyd\u00e1vania.<\/p>\n\n\n\n<div class=\"wp-block-buttons is-content-justification-left is-layout-flex wp-container-core-buttons-is-layout-fc4fd283 wp-block-buttons-is-layout-flex\">\n<div class=\"wp-block-button is-style-outline is-style-outline--1\"><a class=\"wp-block-button__link wp-element-button\" href=\"https:\/\/oakroadinvest.club\/Vydavatelstvo\/sluzby\">Zistite viac<\/a><\/div>\n<\/div>\n<\/div>\n\n\n\n<div class=\"wp-block-column is-vertically-aligned-top is-layout-flow wp-container-core-column-is-layout-f5bb311e wp-block-column-is-layout-flow\" style=\"flex-basis:50%\">\n<figure class=\"wp-block-image has-custom-border extendify-image-import\"><img decoding=\"async\" src=\"https:\/\/images.unsplash.com\/photo-1513185041617-8ab03f83d6c5?ixid=M3w0MzUxNjF8MHwxfHNlYXJjaHw1fHxwdWJsaXNoaW5nfGVufDB8fHx8MTczOTEyNzgzMXww&amp;ixlib=rb-4.0.3&amp;orientation=landscape?fit=crop&amp;crop=entropy%2Cfaces&amp;auto=format%2Ccompress&amp;w=1280\" alt=\"\" style=\"border-radius:1.5rem;aspect-ratio:1;object-fit:cover\"\/><\/figure>\n<\/div>\n<\/div>\n<\/div>\n\n<div class=\"wp-block-group alignfull has-tertiary-background-color has-background has-global-padding is-layout-constrained wp-container-core-group-is-layout-7276a2bb wp-block-group-is-layout-constrained\" style=\"margin-top:0;margin-bottom:0;padding-top:var(--wp--preset--spacing--60);padding-right:var(--wp--preset--spacing--30);padding-bottom:var(--wp--preset--spacing--60);padding-left:var(--wp--preset--spacing--30)\">\n<div class=\"wp-block-group alignwide has-background-background-color has-background is-content-justification-space-between is-layout-flex wp-container-core-group-is-layout-4be20cc5 wp-block-group-is-layout-flex\" style=\"border-radius:1rem;padding-top:var(--wp--preset--spacing--50);padding-right:var(--wp--preset--spacing--50);padding-bottom:var(--wp--preset--spacing--50);padding-left:var(--wp--preset--spacing--50)\">\n<div class=\"wp-block-group has-global-padding is-layout-constrained wp-block-group-is-layout-constrained\">\n<h2 class=\"wp-block-heading has-large-font-size\">Pozdvihnite svoju kari\u00e9ru s nami<\/h2>\n\n\n\n<p style=\"margin-top:16px\">Pridajte sa a vyu\u017eite na\u0161e v\u00fdhody<\/p>\n<\/div>\n\n\n\n<div class=\"wp-block-buttons is-content-justification-left is-layout-flex wp-container-core-buttons-is-layout-82056a45 wp-block-buttons-is-layout-flex\">\n<div class=\"wp-block-button is-style-outline is-style-outline--2\"><a class=\"wp-block-button__link wp-element-button\" href=\"https:\/\/oakroadinvest.club\/Vydavatelstvo\/sluzby\">Zistite viac<\/a><\/div>\n\n\n\n<div class=\"wp-block-button\"><a class=\"wp-block-button__link wp-element-button\" href=\"https:\/\/oakroadinvest.club\/Vydavatelstvo\/kontakt\">Objavte viac<\/a><\/div>\n<\/div>\n<\/div>\n<\/div>\n","protected":false},"excerpt":{"rendered":"<p>Referencie Zar\u00e1bajte knihami efekt\u00edvne Na\u0161i klienti oce\u0148uj\u00fa na\u0161u podporu a v\u00fdsledky, ktor\u00e9 im prin\u00e1\u0161ame. Spolupr\u00e1ca s t\u00edmom bola v\u00fdnimo\u010dn\u00e1 a obohacuj\u00faca. Juraj Kov\u00e1\u010d Zakladate\u013e startupu Profesion\u00e1lny pr\u00edstup a \u0161pi\u010dkov\u00e1 kvalita pr\u00e1ce n\u00e1s nadchli. Lucia Hradilov\u00e1 CEO vydavate\u013estva Podpora pre bud\u00facich l\u00edderov trhu Na\u0161ou misiou je pom\u00e1ha\u0165 autorom dosiahnu\u0165 \u00faspech prostredn\u00edctvom personalizovanej a osved\u010denej podpory v [&hellip;]<\/p>\n","protected":false},"author":1,"featured_media":0,"parent":0,"menu_order":0,"comment_status":"closed","ping_status":"closed","template":"no-title","meta":{"footnotes":""},"class_list":["post-95","page","type-page","status-publish","hentry"],"aioseo_notices":[],"jetpack_sharing_enabled":true,"_links":{"self":[{"href":"https:\/\/oakroadinvest.club\/Vydavatelstvo\/wp-json\/wp\/v2\/pages\/95","targetHints":{"allow":["GET"]}}],"collection":[{"href":"https:\/\/oakroadinvest.club\/Vydavatelstvo\/wp-json\/wp\/v2\/pages"}],"about":[{"href":"https:\/\/oakroadinvest.club\/Vydavatelstvo\/wp-json\/wp\/v2\/types\/page"}],"author":[{"embeddable":true,"href":"https:\/\/oakroadinvest.club\/Vydavatelstvo\/wp-json\/wp\/v2\/users\/1"}],"replies":[{"embeddable":true,"href":"https:\/\/oakroadinvest.club\/Vydavatelstvo\/wp-json\/wp\/v2\/comments?post=95"}],"version-history":[{"count":1,"href":"https:\/\/oakroadinvest.club\/Vydavatelstvo\/wp-json\/wp\/v2\/pages\/95\/revisions"}],"predecessor-version":[{"id":101,"href":"https:\/\/oakroadinvest.club\/Vydavatelstvo\/wp-json\/wp\/v2\/pages\/95\/revisions\/101"}],"wp:attachment":[{"href":"https:\/\/oakroadinvest.club\/Vydavatelstvo\/wp-json\/wp\/v2\/media?parent=95"}],"curies":[{"name":"wp","href":"https:\/\/api.w.org\/{rel}","templated":true}]}}